{"id":1583,"date":"2017-02-05T00:02:50","date_gmt":"2017-02-04T22:02:50","guid":{"rendered":"http:\/\/lbf.org.lv\/?page_id=1583"},"modified":"2017-05-24T12:53:35","modified_gmt":"2017-05-24T09:53:35","slug":"latvian-bowling-tour","status":"publish","type":"page","link":"https:\/\/www.lbf.org.lv\/en\/latvian-bowling-tour\/","title":{"rendered":"Latvian Bowling Tour"},"content":{"rendered":"<h3 style=\"text-align: center;\">2016\/2017<\/h3>\n<p>Rules \u2013\u00a0<a href=\"http:\/\/www.vissparboulingu.lv\/wp-content\/uploads\/2015\/08\/Latvijas-Boulinga-T%C5%ABres-Reglaments-1.pdf\">Reglaments LBT<\/a><\/p>\n<p style=\"text-align: center;\"><img loading=\"lazy\" decoding=\"async\" class=\"size-full wp-image-818 aligncenter\" src=\"http:\/\/lbf.org.lv\/wp-content\/uploads\/2016\/10\/001.jpg\" sizes=\"(max-width: 661px) 100vw, 661px\" srcset=\"http:\/\/lbf.org.lv\/wp-content\/uploads\/2016\/10\/001.jpg 661w, http:\/\/lbf.org.lv\/wp-content\/uploads\/2016\/10\/001-300x10.jpg 300w\" alt=\"001\" width=\"661\" height=\"21\" \/><strong>5.LBT ZELTA\u00a0Meistars<img loading=\"lazy\" decoding=\"async\" class=\"size-full wp-image-730 alignright\" src=\"http:\/\/lbf.org.lv\/wp-content\/uploads\/2016\/10\/Untitled-5-1.jpg\" alt=\"untitled-5\" width=\"56\" height=\"40\" \/><\/strong><\/p>\n<p style=\"text-align: left;\">Rules\u00a0\u2013 <a href=\"http:\/\/lbf.org.lv\/wp-content\/uploads\/2016\/11\/Meistars.pdf\">ZELTA Meistars<\/a><br \/>\nOil Pattern \u2013 <a href=\"http:\/\/lbf.org.lv\/wp-content\/uploads\/2016\/11\/WB_Rome_41_2017.pdf\">WB_Rome_41_2017<\/a><br \/>\nResults \u2013 <a href=\"http:\/\/lbf.org.lv\/zelta-meistars-2017-rezultati\/\"><strong>Rezult\u0101ti ZELTA\u00a0Meistars<\/strong><\/a><br \/>\nWinner\u00a0\u2013 <a href=\"https:\/\/www.facebook.com\/artur.levikin\">Art\u016brs \u013bevikins<\/a><\/p>\n<p style=\"text-align: center;\"><img loading=\"lazy\" decoding=\"async\" class=\"size-full wp-image-818 aligncenter\" src=\"http:\/\/lbf.org.lv\/wp-content\/uploads\/2016\/10\/001.jpg\" sizes=\"(max-width: 661px) 100vw, 661px\" srcset=\"http:\/\/lbf.org.lv\/wp-content\/uploads\/2016\/10\/001.jpg 661w, http:\/\/lbf.org.lv\/wp-content\/uploads\/2016\/10\/001-300x10.jpg 300w\" alt=\"001\" width=\"661\" height=\"21\" \/><strong>4.LBT LABA\u00a0Meistars<img loading=\"lazy\" decoding=\"async\" class=\"size-full wp-image-730 alignright\" src=\"http:\/\/lbf.org.lv\/wp-content\/uploads\/2016\/10\/Untitled-5-1.jpg\" alt=\"untitled-5\" width=\"56\" height=\"40\" \/><\/strong><\/p>\n<p style=\"text-align: left;\">Rules\u00a0\u2013 <a href=\"http:\/\/lbf.org.lv\/wp-content\/uploads\/2016\/11\/LABA_Meistars_reglaments_20-26.02.2017.pdf\">LABA Meistars_reglaments 20-26.02.2017<\/a><br \/>\nOil Pattern\u00a0\u2013 <a href=\"http:\/\/www.vissparboulingu.lv\/wp-content\/uploads\/2017\/02\/4.LBT_LABA-Meistars_E%C4%BC%C4%BCa.pdf\">4.LBT_LABA Meistars_E\u013c\u013ca<\/a><br \/>\nResults \u2013 <strong><a href=\"http:\/\/lbf.org.lv\/laba-meistars-2017-rezultati\/\">Rezult\u0101ti LABA\u00a0Meistars<\/a><\/strong><br \/>\nWinner\u00a0\u2013 <a href=\"https:\/\/www.facebook.com\/dmitrijs.cebotarjovs\">Dmitrijs \u010cebotarjovs<\/a><\/p>\n<p style=\"text-align: center;\"><img loading=\"lazy\" decoding=\"async\" class=\"size-full wp-image-818 aligncenter\" src=\"http:\/\/lbf.org.lv\/wp-content\/uploads\/2016\/10\/001.jpg\" alt=\"001\" width=\"661\" height=\"21\" \/><strong>3.LBT TOSS\u00a0Boulinga Meistars <img loading=\"lazy\" decoding=\"async\" class=\"size-full wp-image-730 alignright\" src=\"http:\/\/lbf.org.lv\/wp-content\/uploads\/2016\/10\/Untitled-5-1.jpg\" alt=\"untitled-5\" width=\"56\" height=\"40\" \/><\/strong><\/p>\n<p>Rules\u00a0&#8211; <a href=\"http:\/\/toss.lv\/DOCS\/LV\/amf\/2017\/TOSS_Boulinga_Meistars_Reglaments_2017.pdf\">Nolikums TOSS\u00a0Boulinga Meistars<\/a><br \/>\nOil Pattern\u00a0&#8211; <a href=\"http:\/\/toss.lv\/DOCS\/LV\/amf\/2017\/ELLA_TOSS_Meistars_2017.pdf\">E\u013c\u013ca TOSS\u00a0Boulinga\u00a0Meistars<\/a><br \/>\nResults &#8211; <a href=\"http:\/\/lbf.org.lv\/toss-meistars-2017-rezultati\/\">Rezult\u0101ti TOSS\u00a0Boulinga\u00a0Meistars<\/a><br \/>\nWinner\u00a0&#8211;\u00a0Artemijs Hudjakovs<\/p>\n<p style=\"text-align: center;\"><img loading=\"lazy\" decoding=\"async\" class=\"size-full wp-image-818 aligncenter\" src=\"http:\/\/lbf.org.lv\/wp-content\/uploads\/2016\/10\/001.jpg\" alt=\"001\" width=\"661\" height=\"21\" \/><strong>2.LBT A-Z Boulinga Meistars <img loading=\"lazy\" decoding=\"async\" class=\"size-full wp-image-730 alignright\" src=\"http:\/\/lbf.org.lv\/wp-content\/uploads\/2016\/10\/Untitled-5-1.jpg\" alt=\"untitled-5\" width=\"56\" height=\"40\" \/><\/strong><\/p>\n<p>Rules \u2013\u00a0<a href=\"http:\/\/www.vissparboulingu.lv\/wp-content\/uploads\/2016\/11\/A-Z-Meistars.pdf\">Nolikums A-Z Boulinga Meistars<\/a><br \/>\nOil Pattern \u2013\u00a0<a href=\"http:\/\/www.vissparboulingu.lv\/wp-content\/uploads\/2016\/11\/A-Z-Meistars-e%C4%BC%C4%BCa.pdf\">E\u013c\u013ca A-Z Boulinga\u00a0Meistars<\/a><br \/>\nResults \u2013\u00a0<a href=\"http:\/\/www.vissparboulingu.lv\/a-z-boulinga-meistars-2016\/\">Rezult\u0101ti A-Z Boulinga\u00a0Meistars<\/a><br \/>\nWinner \u2013 Edmunds Jansons<\/p>\n<p style=\"text-align: center;\"><img loading=\"lazy\" decoding=\"async\" class=\"size-full wp-image-818 aligncenter\" src=\"http:\/\/lbf.org.lv\/wp-content\/uploads\/2016\/10\/001.jpg\" alt=\"001\" width=\"661\" height=\"21\" \/><strong>1.LBT Bowlero Meistars <img loading=\"lazy\" decoding=\"async\" class=\"size-full wp-image-730 alignright\" src=\"http:\/\/lbf.org.lv\/wp-content\/uploads\/2016\/10\/Untitled-5-1.jpg\" alt=\"untitled-5\" width=\"56\" height=\"40\" \/><\/strong><\/p>\n<p>Rules \u2013\u00a0<a href=\"http:\/\/www.bowlero.lv\/files\/BowleroMeistars_Flyer_okt2016v3.pdf\">Nolikums Bowlero Meistars<\/a><br \/>\nOil pattern \u2013\u00a0<a href=\"http:\/\/www.bowlero.lv\/files\/2015%20European%20Champions%20Cup%20TR50mL..pdf\">E\u013c\u013ca Bowlero Meistars<\/a><br \/>\nResults \u2013\u00a0<a href=\"http:\/\/lbf.org.lv\/bowlero-meistars-rezultati\/\">Rezult\u0101ti Bowlero Meistars<\/a><br \/>\nWinner \u2013 Toms Pultraks<\/p>\n<p><img loading=\"lazy\" decoding=\"async\" class=\"size-full wp-image-818 aligncenter\" src=\"http:\/\/lbf.org.lv\/wp-content\/uploads\/2016\/10\/001.jpg\" alt=\"001\" width=\"661\" height=\"21\" \/><\/p>\n<h3 style=\"text-align: center;\"><strong>Latvian Bowling Tour 2015\/2016<\/strong><\/h3>\n<p>Rules \u2013\u00a0<a href=\"http:\/\/www.vissparboulingu.lv\/wp-content\/uploads\/2015\/08\/LBT_15-16-1.pdf\">Reglaments LBT<\/a><br \/>\nResults and Rankings \u2013\u00a0<a href=\"http:\/\/lbf.org.lv\/wp-content\/uploads\/2016\/11\/LBT_2015_reitings-7-1.xlsx\">Rezult\u0101ti LBT<\/a><br \/>\nDetails:\u00a0<a href=\"http:\/\/www.vissparboulingu.lv\/latvijas-boulinga-federacija\/rezultati-un-reitingi\/2\/\">Rezult\u0101ti<\/a><\/p>\n","protected":false},"excerpt":{"rendered":"<p>Latvijas Boulinga T\u016bres &#8211; rezult\u0101ti, arh\u012bvs<\/p>\n","protected":false},"author":1,"featured_media":0,"parent":0,"menu_order":1,"comment_status":"closed","ping_status":"closed","template":"","meta":{"_et_pb_use_builder":"on","_et_pb_old_content":"","_et_gb_content_width":"","footnotes":""},"class_list":["post-1583","page","type-page","status-publish","hentry"],"aioseo_notices":[],"_links":{"self":[{"href":"https:\/\/www.lbf.org.lv\/en\/wp-json\/wp\/v2\/pages\/1583","targetHints":{"allow":["GET"]}}],"collection":[{"href":"https:\/\/www.lbf.org.lv\/en\/wp-json\/wp\/v2\/pages"}],"about":[{"href":"https:\/\/www.lbf.org.lv\/en\/wp-json\/wp\/v2\/types\/page"}],"author":[{"embeddable":true,"href":"https:\/\/www.lbf.org.lv\/en\/wp-json\/wp\/v2\/users\/1"}],"replies":[{"embeddable":true,"href":"https:\/\/www.lbf.org.lv\/en\/wp-json\/wp\/v2\/comments?post=1583"}],"version-history":[{"count":3,"href":"https:\/\/www.lbf.org.lv\/en\/wp-json\/wp\/v2\/pages\/1583\/revisions"}],"predecessor-version":[{"id":2266,"href":"https:\/\/www.lbf.org.lv\/en\/wp-json\/wp\/v2\/pages\/1583\/revisions\/2266"}],"wp:attachment":[{"href":"https:\/\/www.lbf.org.lv\/en\/wp-json\/wp\/v2\/media?parent=1583"}],"curies":[{"name":"wp","href":"https:\/\/api.w.org\/{rel}","templated":true}]}}