{"id":1597,"date":"2023-11-03T10:06:09","date_gmt":"2023-11-03T08:06:09","guid":{"rendered":"http:\/\/lbf.org.lv\/?page_id=1597"},"modified":"2026-01-12T17:07:10","modified_gmt":"2026-01-12T15:07:10","slug":"reitings","status":"publish","type":"page","link":"https:\/\/www.lbf.org.lv\/en\/reitings\/","title":{"rendered":"Reitings"},"content":{"rendered":"<p>[et_pb_section fb_built=&#8221;1&#8243; _builder_version=&#8221;4.16&#8243; global_colors_info=&#8221;{}&#8221;][et_pb_row _builder_version=&#8221;4.16&#8243; background_size=&#8221;initial&#8221; background_position=&#8221;top_left&#8221; background_repeat=&#8221;repeat&#8221; global_colors_info=&#8221;{}&#8221;][et_pb_column type=&#8221;4_4&#8243; _builder_version=&#8221;4.16&#8243; custom_padding=&#8221;|||&#8221; global_colors_info=&#8221;{}&#8221; custom_padding__hover=&#8221;|||&#8221;][et_pb_text _builder_version=&#8221;4.27.5&#8243; background_size=&#8221;initial&#8221; background_position=&#8221;top_left&#8221; background_repeat=&#8221;repeat&#8221; global_colors_info=&#8221;{}&#8221;]<\/p>\n<p style=\"text-align: center;\"><strong>2025\/26.sezona<\/strong><br \/>\n<a href=\"https:\/\/docs.google.com\/spreadsheets\/d\/1murUdYuY5OlCW9Wm57tILRyJlV-ijEd1ar0-MqLEGEA\/edit?gid=131343275#gid=131343275\">Reitings<\/a> \u2013 12.01.2026<\/p>\n<p><iframe style=\"height: 1000px; width: 1000px;\" src=\"https:\/\/docs.google.com\/spreadsheets\/d\/e\/2PACX-1vQU4FcyxlkBPyzCUbEkll61Lznplf2Q_YJhTytmhfOT5NMvugiWeaynqDOq8gIr-RUm-x8-T6Q58c7b\/pubhtml?widget=true&amp;headers=false\"><\/iframe><\/p>\n<p>[\/et_pb_text][\/et_pb_column][\/et_pb_row][\/et_pb_section]<\/p>\n<span class=\"et_social_bottom_trigger\"><\/span>","protected":false},"excerpt":{"rendered":"<p>2025\/26.sezona Reitings \u2013 12.01.2026<\/p>\n","protected":false},"author":1,"featured_media":0,"parent":0,"menu_order":0,"comment_status":"closed","ping_status":"closed","template":"page-full.php","meta":{"_et_pb_use_builder":"on","_et_pb_old_content":"<p style=\"text-align: center;\"><strong>2024\/25.sezona<\/strong><br \/><a href=\"https:\/\/docs.google.com\/spreadsheets\/d\/1murUdYuY5OlCW9Wm57tILRyJlV-ijEd1ar0-MqLEGEA\/edit?gid=131343275#gid=131343275\">Reitings<\/a> \u2013 24.01.2024<\/p><hr \/><p style=\"text-align: center;\"><strong>2023\/24.sezona<\/strong><br \/><a href=\"https:\/\/docs.google.com\/spreadsheets\/d\/1murUdYuY5OlCW9Wm57tILRyJlV-ijEd1ar0-MqLEGEA\/edit#gid=131343275\">Reitings<\/a> \u2013 03.11.2023<\/p><hr \/><p style=\"text-align: center;\"><strong>2021\/2022.sezona<\/strong><\/p><p style=\"text-align: center;\"><a href=\"https:\/\/www.lbf.org.lv\/wp-content\/uploads\/2022\/04\/Reitings_01_01_2022-1.pdf\">LBT Reitings uz 01.01.2022<\/a>\u00a0\u2013 11.04.2022<\/p><hr \/><p style=\"text-align: center;\"><strong>2020\/2021.sezona<\/strong><\/p><p style=\"text-align: center;\"><a href=\"https:\/\/www.lbf.org.lv\/wp-content\/uploads\/2021\/09\/19_09_2021.pdf\">LBT Reitings<\/a> \u2013 19.09.2021<\/p><p style=\"text-align: center;\"><a href=\"https:\/\/www.lbf.org.lv\/wp-content\/uploads\/2021\/09\/Pagaidu_2021.pdf\">Pagaidu reitings_2021<\/a> - 19.09.2021<\/p><hr \/><p style=\"text-align: center;\"><strong>2019\/2020.sezona<\/strong><\/p><p style=\"text-align: center;\"><a href=\"https:\/\/www.lbf.org.lv\/wp-content\/uploads\/2020\/08\/LBT2019_2020reitings.pdf\">LBT2019-2020<\/a> (P\u0113c XXIII LMS) pdf \u2013 26.08.2020<\/p><p style=\"text-align: center;\">Vid\u0113jo rezult\u0101tu tabula (priek\u0161 B sp\u0113l\u0113t\u0101ju grupas) - <a href=\"https:\/\/www.vissparboulingu.lv\/wp-content\/uploads\/2020\/07\/Meistars-vid\u0113jie-rezult\u0101ti.xlsx\" rel=\"attachment wp-att-78283\">Latvijas Boulinga Feder\u0101cija<\/a> - 12.07.2020<\/p><hr \/><p style=\"text-align: center;\"><strong>2017\/2018.sezona<\/strong><\/p><p style=\"text-align: center;\"><a href=\"http:\/\/lbf.org.lv\/wp-content\/uploads\/2018\/05\/LBT_2017_2018_reitings-p\u0113c-LMS-XXI.xlsx\">LBT Reitings 2017-2018<\/a>\u00a0\u2013 16.05.2018<\/p><hr \/><p style=\"text-align: center;\"><strong>2016\/2017.sezona<\/strong><\/p><p style=\"text-align: center;\"><a href=\"http:\/\/lbf.org.lv\/wp-content\/uploads\/2017\/05\/LBT-Reitings-2016-2017-1.pdf\">LBT Reitings 2016\/2017<\/a> \u2013 18.05.2017<\/p><p style=\"text-align: center;\">Iepriek\u0161\u0113j\u0101s sezonas:\u00a0(spie\u017eam uz saites \u2013 <a href=\"http:\/\/lbf.org.lv\/wp-content\/uploads\/2016\/10\/LBT-Reitings_2015-2016.xlsx\">Reitings<\/a>)<\/p>","_et_gb_content_width":"","footnotes":""},"class_list":["post-1597","page","type-page","status-publish","hentry"],"aioseo_notices":[],"_links":{"self":[{"href":"https:\/\/www.lbf.org.lv\/en\/wp-json\/wp\/v2\/pages\/1597","targetHints":{"allow":["GET"]}}],"collection":[{"href":"https:\/\/www.lbf.org.lv\/en\/wp-json\/wp\/v2\/pages"}],"about":[{"href":"https:\/\/www.lbf.org.lv\/en\/wp-json\/wp\/v2\/types\/page"}],"author":[{"embeddable":true,"href":"https:\/\/www.lbf.org.lv\/en\/wp-json\/wp\/v2\/users\/1"}],"replies":[{"embeddable":true,"href":"https:\/\/www.lbf.org.lv\/en\/wp-json\/wp\/v2\/comments?post=1597"}],"version-history":[{"count":48,"href":"https:\/\/www.lbf.org.lv\/en\/wp-json\/wp\/v2\/pages\/1597\/revisions"}],"predecessor-version":[{"id":6943,"href":"https:\/\/www.lbf.org.lv\/en\/wp-json\/wp\/v2\/pages\/1597\/revisions\/6943"}],"wp:attachment":[{"href":"https:\/\/www.lbf.org.lv\/en\/wp-json\/wp\/v2\/media?parent=1597"}],"curies":[{"name":"wp","href":"https:\/\/api.w.org\/{rel}","templated":true}]}}