{"id":1629,"date":"2017-02-07T11:08:29","date_gmt":"2017-02-07T09:08:29","guid":{"rendered":"http:\/\/lbf.org.lv\/?page_id=1629"},"modified":"2017-05-24T12:58:43","modified_gmt":"2017-05-24T09:58:43","slug":"ltc","status":"publish","type":"page","link":"https:\/\/www.lbf.org.lv\/en\/ltc\/","title":{"rendered":"LTC"},"content":{"rendered":"<p style=\"text-align: center;\"><img loading=\"lazy\" decoding=\"async\" class=\"size-full wp-image-818 aligncenter\" src=\"http:\/\/vissparboulingu.lv\/boulinga-federacija\/wp-content\/uploads\/2016\/10\/001.jpg\" alt=\"001\" width=\"661\" height=\"21\" \/><strong>4<sup>th<\/sup> Latvian Team Championship<br \/>\n<img loading=\"lazy\" decoding=\"async\" class=\"size-full wp-image-730 alignright\" src=\"http:\/\/vissparboulingu.lv\/boulinga-federacija\/wp-content\/uploads\/2016\/10\/Untitled-5-1.jpg\" alt=\"untitled-5\" width=\"56\" height=\"40\" \/><\/strong><\/p>\n<p style=\"text-align: center;\"><strong>Season 2016\/2017<\/strong><\/p>\n<p style=\"text-align: center;\"><img loading=\"lazy\" decoding=\"async\" class=\"aligncenter size-medium wp-image-1363\" src=\"http:\/\/lbf.org.lv\/wp-content\/uploads\/2016\/10\/3-01-300x120.jpg\" alt=\"\" width=\"300\" height=\"120\" \/><\/p>\n<p>5th tour results: <a href=\"http:\/\/lbf.org.lv\/lkc-5-tures-labakais-trio-komanda-ten-pin\/\">4.LK\u010c<\/a><\/p>\n<div>Results: <a href=\"http:\/\/lbf.org.lv\/wp-content\/uploads\/2017\/04\/Rezult%C4%81ti-un-Reitings-5.docx\">Rezult\u0101ti<\/a><\/div>\n<div><a href=\"http:\/\/lbf.org.lv\/wp-content\/uploads\/2017\/04\/Rezult%C4%81ti-un-Reitings-5-1.pdf\">Rezult\u0101ti un reitings<\/a><\/div>\n<hr \/>\n<p>4th\u00a0tour results: <a href=\"http:\/\/lbf.org.lv\/universal-services-turpina-dominet-lkc\/\">4.LK\u010c<\/a><\/p>\n<div>Results:\u00a0<a href=\"http:\/\/lbf.org.lv\/wp-content\/uploads\/2017\/03\/Rezult%C4%81ti-2.xlsx\">Rezult\u0101ti<\/a><\/div>\n<div><a href=\"http:\/\/lbf.org.lv\/wp-content\/uploads\/2017\/03\/Rezult%C4%81ti-un-Reitings-2.pdf\">Rezult\u0101ti un reitings<\/a><\/div>\n<hr \/>\n<p style=\"text-align: left;\">3rd \u00a0tour results: <a href=\"http:\/\/lbf.org.lv\/lkc-3-ture-nosledzas-ar-universal-services-uzvaru\/\">4.LK\u010c<\/a><\/p>\n<div>Results:<\/div>\n<div><a href=\"http:\/\/lbf.org.lv\/wp-content\/uploads\/2017\/02\/Rezult\u0101ti-un-Reitings-1.pdf\">Rezult\u0101ti un Reitings<\/a><\/div>\n<hr \/>\n<p style=\"text-align: left;\">2nd tour results: <a href=\"http:\/\/lbf.org.lv\/noslegusies-lkc-2-ture-uzvar-trio-no-komandas-tenpin\/\">4.LK\u010c<\/a><\/p>\n<div>Results:<\/div>\n<div><a href=\"http:\/\/lbf.org.lv\/wp-content\/uploads\/2017\/01\/Rezult\u0101ti-un-Reitings.pdf\">rezultati-un-reitings<\/a><\/div>\n<hr \/>\n<p style=\"text-align: left;\">1st tour results: <a href=\"http:\/\/lbf.org.lv\/ir-startejis-4-latvijas-komandu-cempionats\/\">4.LK\u010c<\/a><\/p>\n<div>Results:<\/div>\n<div><a href=\"http:\/\/lbf.org.lv\/wp-content\/uploads\/2016\/12\/4.LK%C4%8C-1.t%C5%ABre.-17.12.2016._Rezult%C4%81ti.xlsx\">4-lkc-1-ture-17-12-2016-_rezultati<\/a><\/div>\n<div>Results and ranking:<\/div>\n<div><a href=\"http:\/\/lbf.org.lv\/wp-content\/uploads\/2016\/12\/Rezult%C4%81ti-un-Reitings-3.doc\">rezultati-un-reitings<\/a><\/div>\n<p>Rules\u00a0&#8211; <a href=\"http:\/\/lbf.org.lv\/wp-content\/uploads\/2016\/11\/4.LK\u010c-Reglaments_LV-5.doc\">Reglaments LK\u010c<\/a>;<br \/>\n<a href=\"http:\/\/lbf.org.lv\/wp-content\/uploads\/2016\/11\/4.LK\u010c-\u0420\u0435\u0433\u043b\u0430\u043c\u0435\u043d\u0442_\u0420\u0423-3.doc\">4.LK\u010c &#8211; \u0420\u0435\u0433\u043b\u0430\u043c\u0435\u043d\u0442_\u0420\u0423<\/a><\/p>\n<p>Oil pattern \u2013 <a href=\"http:\/\/lbf.org.lv\/wp-content\/uploads\/2017\/04\/4.LK%C4%8C-E%C4%BC%C4%BCa-5.t%C5%ABre.pdf\">4. LK\u010c E\u013c\u013ca 5.-t\u016bre;<\/a><br \/>\nOil pattern\u00a0&#8211; <a href=\"http:\/\/www.vissparboulingu.lv\/wp-content\/uploads\/2015\/08\/4.LK\u010c_4.t\u016bre_4-5.03.2017._Bowlero.pdf\" target=\"_blank\" rel=\"noopener noreferrer\">4. LK\u010c E\u013c\u013ca 4.-t\u016bre;<\/a><br \/>\nOil pattern\u00a0&#8211; <a href=\"http:\/\/lbf.org.lv\/wp-content\/uploads\/2017\/01\/4.LK\u010c_3.t\u016bre_11-12.02.2017._Sp\u0101re.pdf\">4. LK\u010c E\u013c\u013ca 3.-t\u016bre;<\/a><br \/>\nOil pattern\u00a0&#8211;<a href=\"http:\/\/www.vissparboulingu.lv\/wp-content\/uploads\/2015\/08\/4.LK\u010c_2.t\u016bre_07.01.2017._Bowlero.pdf\"> 4. LK\u010c E\u013c\u013ca 2.-t\u016bre;<\/a><br \/>\nOil pattern\u00a0&#8211;<a href=\"http:\/\/vissparboulingu.lv\/boulinga-federacija\/wp-content\/uploads\/2016\/11\/4.LK\u010c_E\u013b\u013bA_1.t\u016bre.pdf\"> 4. LK\u010c E\u013c\u013ca 1.-t\u016bre<\/a>;<\/p>\n<p>Schedule\u00a0&#8211; <a href=\"http:\/\/lbf.org.lv\/wp-content\/uploads\/2016\/11\/4.LK\u010c_Sp\u0113\u013cu-grafiks-2.docx\">4.LK\u010c Sp\u0113\u013cu grafiks<\/a>;<\/p>\n<p>Results\u00a0and Rankings &#8211; <a href=\"http:\/\/lbf.org.lv\/wp-content\/uploads\/2016\/11\/Rezult\u0101ti-un-Reitings-2.doc\">Rezult\u0101ti LK\u010c 2016<\/a>;<br \/>\nTeams\u00a0&#8211; <a href=\"http:\/\/lbf.org.lv\/wp-content\/uploads\/2016\/11\/4.LK\u010c-Sast\u0101vi-4.doc\">4.LK\u010c Sast\u0101vi<\/a>.<\/p>\n<p>Protocols:<\/p>\n<p><a href=\"http:\/\/www.vissparboulingu.lv\/wp-content\/uploads\/2015\/08\/4.LK\u010c_Protokols-individ.-reitings.doc\">4.LK\u010c &#8211; Protokols (Individual)<\/a><br \/>\n<a href=\"http:\/\/www.vissparboulingu.lv\/wp-content\/uploads\/2015\/08\/4.LK\u010c_Protokols-double-2.doc\">4.LK\u010c &#8211; Protokols (Double)<\/a><br \/>\n<a href=\"http:\/\/www.vissparboulingu.lv\/wp-content\/uploads\/2015\/08\/4.LK\u010c_Protokols-trios-2.doc\">4.LK\u010c &#8211; Protokols (Trios)<\/a><br \/>\n<a href=\"http:\/\/www.vissparboulingu.lv\/wp-content\/uploads\/2015\/08\/4.LK\u010c_Protokols-Team-1.doc\">4.LK\u010c &#8211; Protokols (Team)<\/a><\/p>\n<p style=\"text-align: center;\"><img loading=\"lazy\" decoding=\"async\" class=\"size-full wp-image-818 aligncenter\" src=\"http:\/\/vissparboulingu.lv\/boulinga-federacija\/wp-content\/uploads\/2016\/10\/001.jpg\" alt=\"001\" width=\"661\" height=\"21\" \/><strong>3<sup>rd<\/sup> Latvian Team Championship<br \/>\n<img loading=\"lazy\" decoding=\"async\" class=\"size-full wp-image-730 alignright\" src=\"http:\/\/vissparboulingu.lv\/boulinga-federacija\/wp-content\/uploads\/2016\/10\/Untitled-5-1.jpg\" alt=\"untitled-5\" width=\"56\" height=\"40\" \/><\/strong><\/p>\n<p style=\"text-align: center;\"><strong>Season 2015\/2016<\/strong><\/p>\n<ul>\n<li style=\"text-align: left;\"><a href=\"http:\/\/vissparboulingu.lv\/boulinga-federacija\/wp-content\/uploads\/2016\/11\/3.LK\u010c-Turn\u012bra-tabula-1.doc\">3.LK\u010c-Turn\u012bra-tabula<\/a>;<\/li>\n<li style=\"text-align: left;\"><a href=\"http:\/\/vissparboulingu.lv\/boulinga-federacija\/wp-content\/uploads\/2016\/11\/3.LK\u010c-Reitings-1.doc\">3.LK\u010c Individu\u0101lais-reitings<\/a>;<\/li>\n<li style=\"text-align: left;\"><a href=\"http:\/\/vissparboulingu.lv\/boulinga-federacija\/wp-content\/uploads\/2016\/11\/3.LK\u010c-TOP-10-5.doc\">3.LK\u010c-Top-10<\/a>.<\/li>\n<\/ul>\n<p>Rules &#8211; <a href=\"http:\/\/www.vissparboulingu.lv\/latvijas-komandu-cempionats\/\">Reglaments\u00a0LK\u010c<\/a><br \/>\nOil pattern\u00a0&#8211; <a href=\"http:\/\/www.vissparboulingu.lv\/latvijas-komandu-cempionats\/\">E\u013c\u013ca\u00a0LK\u010c<\/a><br \/>\nResults &#8211; <a href=\"http:\/\/www.vissparboulingu.lv\/latvijas-komandu-cempionats\/\">Rezult\u0101ti\u00a0LK\u010c<\/a><br \/>\nWinners &#8211; team\u00a0<strong>A-Z Boulings<\/strong>.<\/p>\n<h3 style=\"text-align: left;\"><img loading=\"lazy\" decoding=\"async\" class=\"aligncenter size-medium wp-image-478\" src=\"http:\/\/vissparboulingu.lv\/boulinga-federacija\/wp-content\/uploads\/2016\/11\/A-Z-Boulings_3.LK\u010c_Uzv\u0101r\u0113tais_1-300x224.jpg\" alt=\"a-z-boulings_3-lkc_uzvaretais_1\" width=\"300\" height=\"224\" \/><\/h3>\n<p style=\"text-align: center;\"><img loading=\"lazy\" decoding=\"async\" class=\"size-full wp-image-818 aligncenter\" src=\"http:\/\/vissparboulingu.lv\/boulinga-federacija\/wp-content\/uploads\/2016\/10\/001.jpg\" alt=\"001\" width=\"661\" height=\"21\" \/><strong>2<sup>nd<\/sup> Latvian Team Championship<br \/>\n<img loading=\"lazy\" decoding=\"async\" class=\"size-full wp-image-730 alignright\" src=\"http:\/\/vissparboulingu.lv\/boulinga-federacija\/wp-content\/uploads\/2016\/10\/Untitled-5-1.jpg\" alt=\"untitled-5\" width=\"56\" height=\"40\" \/><\/strong><\/p>\n<p style=\"text-align: center;\"><strong>Season 2013\/2014<\/strong><\/p>\n<ul>\n<li style=\"text-align: left;\"><a href=\"http:\/\/vissparboulingu.lv\/boulinga-federacija\/wp-content\/uploads\/2016\/11\/2.LK\u010c-Turn\u012bra-tabula.docx\">2.LK\u010c-Turn\u012bra-tabula<\/a>;<\/li>\n<li style=\"text-align: left;\"><a href=\"http:\/\/vissparboulingu.lv\/boulinga-federacija\/wp-content\/uploads\/2016\/11\/2.LK\u010c-Rezult\u0101tu-tabula.doc\">2.LK\u010c-Rezult\u0101tu-tabula<\/a>;<\/li>\n<li style=\"text-align: left;\"><a href=\"http:\/\/vissparboulingu.lv\/boulinga-federacija\/wp-content\/uploads\/2016\/11\/2.LK\u010c-PLAY-OFF.docx\">2.LK\u010c-Play-off<\/a>;<\/li>\n<li style=\"text-align: left;\"><a href=\"http:\/\/vissparboulingu.lv\/boulinga-federacija\/wp-content\/uploads\/2016\/11\/2.LK\u010c-Individu\u0101lais-reitings.doc\">2.LK\u010c Individu\u0101lais-reitings<\/a>;<\/li>\n<li style=\"text-align: left;\"><a href=\"http:\/\/vissparboulingu.lv\/boulinga-federacija\/wp-content\/uploads\/2016\/11\/2.LK\u010c-TOP-10-rezult\u0101ti.doc\">2.LK\u010c-Top-10-rezult\u0101ti<\/a>;<\/li>\n<li style=\"text-align: left;\"><a href=\"http:\/\/vissparboulingu.lv\/boulinga-federacija\/wp-content\/uploads\/2016\/11\/2.LK\u010c-TOP-10-sp\u0113l\u0113t\u0101ji-un-komandas.doc\">2.LK\u010c-Top-10-sp\u0113l\u0113t\u0101ji-un-komandas<\/a>.<\/li>\n<\/ul>\n<p>Rules &#8211; <a href=\"http:\/\/vissparboulingu.lv\/boulinga-federacija\/wp-content\/uploads\/2016\/11\/LK\u010c-Reglaments2.doc\">Reglaments LK\u010c<\/a><br \/>\nOil pattern &#8211; <a href=\"http:\/\/www.laba-bowling.lv\/latvijas-cempionats\/komandu-cempionats\/arhivs\/ellojums-2\/\">E\u013c\u013ca\u00a0LK\u010c<\/a><br \/>\nWinners &#8211; team\u00a0<strong>DAX&amp;NIKA<\/strong>.<\/p>\n<h3 style=\"text-align: left;\"><img loading=\"lazy\" decoding=\"async\" class=\"aligncenter size-medium wp-image-472\" src=\"http:\/\/vissparboulingu.lv\/boulinga-federacija\/wp-content\/uploads\/2016\/11\/DAX-Nika-\u010cempions_2-2-300x225.jpg\" alt=\"dax-nika-cempions_2-2\" width=\"300\" height=\"225\" \/><\/h3>\n<p style=\"text-align: center;\"><img loading=\"lazy\" decoding=\"async\" class=\"size-full wp-image-818 aligncenter\" src=\"http:\/\/vissparboulingu.lv\/boulinga-federacija\/wp-content\/uploads\/2016\/10\/001.jpg\" alt=\"001\" width=\"661\" height=\"21\" \/><strong>1<sup>st<\/sup> Latvian Team Championship<br \/>\n<img loading=\"lazy\" decoding=\"async\" class=\"size-full wp-image-730 alignright\" src=\"http:\/\/vissparboulingu.lv\/boulinga-federacija\/wp-content\/uploads\/2016\/10\/Untitled-5-1.jpg\" alt=\"untitled-5\" width=\"56\" height=\"40\" \/><\/strong><\/p>\n<p style=\"text-align: center;\"><strong>Year 2012<\/strong><\/p>\n<ul>\n<li style=\"text-align: left;\"><a href=\"http:\/\/vissparboulingu.lv\/boulinga-federacija\/wp-content\/uploads\/2016\/11\/Turn\u012bra-tabula.docx\">Turn\u012bra-tabula<\/a>;<\/li>\n<li style=\"text-align: left;\"><a href=\"http:\/\/vissparboulingu.lv\/boulinga-federacija\/wp-content\/uploads\/2016\/11\/LK\u010c-Rezult\u0101tu-tabula.doc\">LK\u010c-Rezult\u0101tu-tabula<\/a>;<\/li>\n<li style=\"text-align: left;\"><a href=\"http:\/\/vissparboulingu.lv\/boulinga-federacija\/wp-content\/uploads\/2016\/11\/1.LKC-Play-off.docx\">1.LK\u010c-Play-off<\/a>;<\/li>\n<li style=\"text-align: left;\"><a href=\"http:\/\/vissparboulingu.lv\/boulinga-federacija\/wp-content\/uploads\/2016\/11\/Individu\u0101lais-reitings.doc\">Individu\u0101lais-reitings<\/a>;<\/li>\n<li style=\"text-align: left;\"><a href=\"http:\/\/vissparboulingu.lv\/boulinga-federacija\/wp-content\/uploads\/2016\/11\/TOP-10-rezult\u0101ti.doc\">Top-10-rezult\u0101ti<\/a>;<\/li>\n<li style=\"text-align: left;\"><a href=\"http:\/\/vissparboulingu.lv\/boulinga-federacija\/wp-content\/uploads\/2016\/11\/TOP-10-sp\u0113l\u0113t\u0101ji-un-komandas.doc\">Top-10-sp\u0113l\u0113t\u0101ji-un-komandas<\/a>.<\/li>\n<\/ul>\n<p>Rules &#8211; <a href=\"http:\/\/vissparboulingu.lv\/boulinga-federacija\/wp-content\/uploads\/2016\/11\/LK\u010c-Reglaments2.doc\">Reglaments LK\u010c<\/a><br \/>\nOil pattern\u00a0&#8211; <a href=\"http:\/\/www.laba-bowling.lv\/latvijas-cempionats\/komandu-cempionats\/arhivs\/ellojums\/\">E\u013c\u013ca\u00a0LK\u010c<\/a><br \/>\nWinners\u00a0&#8211; team\u00a0<strong>DAX&amp;NIKA<\/strong>.<\/p>\n<h3 style=\"text-align: left;\"><img loading=\"lazy\" decoding=\"async\" class=\"aligncenter size-medium wp-image-472\" src=\"http:\/\/vissparboulingu.lv\/boulinga-federacija\/wp-content\/uploads\/2016\/11\/DAX-Nika-\u010cempions_2-2-300x225.jpg\" alt=\"dax-nika-cempions_2-2\" width=\"300\" height=\"225\" \/><\/h3>\n","protected":false},"excerpt":{"rendered":"<p>4th Latvian Team Championship Season 2016\/2017 5th&#8230;<\/p>\n","protected":false},"author":1,"featured_media":0,"parent":0,"menu_order":3,"comment_status":"closed","ping_status":"closed","template":"page-full.php","meta":{"_et_pb_use_builder":"on","_et_pb_old_content":"","_et_gb_content_width":"","footnotes":""},"class_list":["post-1629","page","type-page","status-publish","hentry"],"aioseo_notices":[],"_links":{"self":[{"href":"https:\/\/www.lbf.org.lv\/en\/wp-json\/wp\/v2\/pages\/1629","targetHints":{"allow":["GET"]}}],"collection":[{"href":"https:\/\/www.lbf.org.lv\/en\/wp-json\/wp\/v2\/pages"}],"about":[{"href":"https:\/\/www.lbf.org.lv\/en\/wp-json\/wp\/v2\/types\/page"}],"author":[{"embeddable":true,"href":"https:\/\/www.lbf.org.lv\/en\/wp-json\/wp\/v2\/users\/1"}],"replies":[{"embeddable":true,"href":"https:\/\/www.lbf.org.lv\/en\/wp-json\/wp\/v2\/comments?post=1629"}],"version-history":[{"count":4,"href":"https:\/\/www.lbf.org.lv\/en\/wp-json\/wp\/v2\/pages\/1629\/revisions"}],"predecessor-version":[{"id":2267,"href":"https:\/\/www.lbf.org.lv\/en\/wp-json\/wp\/v2\/pages\/1629\/revisions\/2267"}],"wp:attachment":[{"href":"https:\/\/www.lbf.org.lv\/en\/wp-json\/wp\/v2\/media?parent=1629"}],"curies":[{"name":"wp","href":"https:\/\/api.w.org\/{rel}","templated":true}]}}