{"id":2652,"date":"2024-10-05T17:13:11","date_gmt":"2024-10-05T14:13:11","guid":{"rendered":"http:\/\/lbf.org.lv\/?page_id=2652"},"modified":"2025-09-30T20:52:43","modified_gmt":"2025-09-30T17:52:43","slug":"statistika","status":"publish","type":"page","link":"https:\/\/www.lbf.org.lv\/en\/statistika\/","title":{"rendered":"Statistika"},"content":{"rendered":"<p>Esam atjaunoju\u0161i statistiku par Latvijas \u010dempion\u0101tu. Ir apkopota statistika par visiem Latvijas \u010dempion\u0101tiem, iz\u0146emot 6 Latvijas \u010dempion\u0101tu, kas notika 2003 gad\u0101. Diem\u017e\u0113l nevaram atrast nepiecie\u0161amo inform\u0101ciju, bet neatmetam cer\u012bbas to atrast.<br \/>\n<span id=\"more-58292\"><\/span><strong>Atjaunota inform\u0101cija:<\/strong>\u00a027.05.2025<\/p>\n<p>Pied\u0101v\u0101jam Jums apskatei tabulas, kur\u0101s varat apskat\u012bt inform\u0101ciju par visiem \u010dempion\u0101tu dal\u012bbniekiem un laure\u0101tiem.<\/p>\n<p>Visi dal\u012bbnieki v\u012brie\u0161i \u2013\u00a0<a href=\"https:\/\/www.vissparboulingu.lv\/wp-content\/uploads\/2024\/05\/Visas-Latvijas-Cempionatu-dalibnieki-1.pdf\">Visi-Latvijas-\u010cempion\u0101tu-dal\u012bbnieki pdf<\/a>\u00a0\u2013 27.05.2025<br \/>\nVisas dal\u012bbnieces sievietes \u2013\u00a0<a href=\"https:\/\/www.vissparboulingu.lv\/wp-content\/uploads\/2024\/05\/Visas-Latvijas-Cempionatu-dalibniece-1.pdf\">Visas-Latvijas-\u010cempion\u0101tu-dal\u012bbnieces pdf<\/a>\u2013 27.05.2025<\/p>\n<p>Laure\u0101ti v\u012brie\u0161i \u2013\u00a0<a href=\"https:\/\/www.vissparboulingu.lv\/wp-content\/uploads\/2024\/05\/VIRIESI_Visas-Latvijas-Cempionatu-godalgotu-vietu-ieguveji-1.pdf\">Visi LMS laure\u0101ti pdf<\/a>\u00a0\u2013 27.05.2025<br \/>\nLaure\u0101ti sievietes \u2013\u00a0<a href=\"https:\/\/www.vissparboulingu.lv\/wp-content\/uploads\/2024\/05\/SEVIETES_Visas-Latvijas-Cempionatu-godalgotu-vietu-ieguveji-1.pdf\">Visas LMS laure\u0101tes pdf<\/a>\u00a0\u2013 27.05.2025<br \/>\nLaure\u0101ti seniori \u2013\u00a0<a href=\"https:\/\/www.vissparboulingu.lv\/wp-content\/uploads\/2024\/05\/SENIORI_Visas-Latvijas-Cempionatu-godalgotu-vietu-ieguveji-1.pdf\">Visi LMS laure\u0101ti Seniori pdf<\/a>\u00a0\u2013 27.05.2025<\/p>\n<p>Visi dal\u012bbnieki SENIORI \u2013\u00a0<a href=\"https:\/\/www.vissparboulingu.lv\/wp-content\/uploads\/2024\/05\/SENIORI_Visas-Latvijas-Cempionatu-dalibnieki.pdf\" rel=\"attachment wp-att-127951\">SENIORI_Visi Latvijas \u010cempion\u0101tu dal\u012bbnieki<\/a>\u00a0\u2013 01.05.2024 \/vairs netiks atjaunota\/<\/p>\n","protected":false},"excerpt":{"rendered":"<p>Esam atjaunoju\u0161i statistiku par Latvijas \u010dempion\u0101tu. Ir apkopota statistika par visiem Latvijas \u010dempion\u0101tiem, iz\u0146emot 6 Latvijas \u010dempion\u0101tu, kas notika 2003 gad\u0101. Diem\u017e\u0113l nevaram atrast nepiecie\u0161amo inform\u0101ciju, bet neatmetam cer\u012bbas to atrast. Atjaunota inform\u0101cija:\u00a027.05.2025 Pied\u0101v\u0101jam Jums apskatei tabulas, kur\u0101s varat apskat\u012bt inform\u0101ciju par visiem \u010dempion\u0101tu dal\u012bbniekiem un laure\u0101tiem. Visi dal\u012bbnieki v\u012brie\u0161i \u2013\u00a0Visi-Latvijas-\u010cempion\u0101tu-dal\u012bbnieki pdf\u00a0\u2013 27.05.2025 Visas dal\u012bbnieces [&hellip;]<\/p>\n","protected":false},"author":1,"featured_media":1823,"parent":0,"menu_order":0,"comment_status":"closed","ping_status":"closed","template":"","meta":{"_et_pb_use_builder":"","_et_pb_old_content":"","_et_gb_content_width":"","footnotes":""},"class_list":["post-2652","page","type-page","status-publish","has-post-thumbnail","hentry"],"aioseo_notices":[],"_links":{"self":[{"href":"https:\/\/www.lbf.org.lv\/en\/wp-json\/wp\/v2\/pages\/2652","targetHints":{"allow":["GET"]}}],"collection":[{"href":"https:\/\/www.lbf.org.lv\/en\/wp-json\/wp\/v2\/pages"}],"about":[{"href":"https:\/\/www.lbf.org.lv\/en\/wp-json\/wp\/v2\/types\/page"}],"author":[{"embeddable":true,"href":"https:\/\/www.lbf.org.lv\/en\/wp-json\/wp\/v2\/users\/1"}],"replies":[{"embeddable":true,"href":"https:\/\/www.lbf.org.lv\/en\/wp-json\/wp\/v2\/comments?post=2652"}],"version-history":[{"count":14,"href":"https:\/\/www.lbf.org.lv\/en\/wp-json\/wp\/v2\/pages\/2652\/revisions"}],"predecessor-version":[{"id":6670,"href":"https:\/\/www.lbf.org.lv\/en\/wp-json\/wp\/v2\/pages\/2652\/revisions\/6670"}],"wp:featuredmedia":[{"embeddable":true,"href":"https:\/\/www.lbf.org.lv\/en\/wp-json\/wp\/v2\/media\/1823"}],"wp:attachment":[{"href":"https:\/\/www.lbf.org.lv\/en\/wp-json\/wp\/v2\/media?parent=2652"}],"curies":[{"name":"wp","href":"https:\/\/api.w.org\/{rel}","templated":true}]}}